{"id":80,"date":"2020-07-16T07:40:12","date_gmt":"2020-07-16T07:40:12","guid":{"rendered":"https:\/\/demosites.io\/fitness-trainer-gb\/?page_id=80"},"modified":"2025-07-23T19:48:14","modified_gmt":"2025-07-23T19:48:14","slug":"hakkimizda","status":"publish","type":"page","link":"https:\/\/bulutevdenevenakliyat.com.tr\/?page_id=80","title":{"rendered":"Hakk\u0131m\u0131zda"},"content":{"rendered":"\n<section id=\"wp-block-themeisle-blocks-advanced-columns-8e5f5f85\" class=\"wp-block-themeisle-blocks-advanced-columns alignfull has-1-columns has-desktop-equal-layout has-tablet-equal-layout has-mobile-equal-layout has-vertical-center\"><div class=\"wp-block-themeisle-blocks-advanced-columns-overlay\"><\/div><div class=\"innerblocks-wrap\">\n<div id=\"wp-block-themeisle-blocks-advanced-column-b070ff3b\" class=\"wp-block-themeisle-blocks-advanced-column\">\n<h1 id=\"wp-block-themeisle-blocks-advanced-heading-2f679188\" class=\"wp-block-themeisle-blocks-advanced-heading wp-block-themeisle-blocks-advanced-heading-2f679188\">Kurumsal B\u0130lg\u0130ler<\/h1>\n<\/div>\n<\/div><\/section>\n\n\n\n<section id=\"wp-block-themeisle-blocks-advanced-columns-e7931e5c\" class=\"wp-block-themeisle-blocks-advanced-columns alignfull has-2-columns has-desktop-equal-layout has-tablet-equal-layout has-mobile-collapsedRows-layout has-vertical-center\"><div class=\"wp-block-themeisle-blocks-advanced-columns-overlay\"><\/div><div class=\"innerblocks-wrap\">\n<div id=\"wp-block-themeisle-blocks-advanced-column-311d4b3f\" class=\"wp-block-themeisle-blocks-advanced-column\">\n<h2 class=\"wp-block-heading has-text-align-left\">Bulut Evden Eve nakl\u0130yat<\/h2>\n\n\n\n<p class=\"has-text-align-left\">\ud83c\udfaf <strong>Vizyonumuz<\/strong><\/p>\n\n\n\n<p>Bulut Evden Eve Nakliyat olarak vizyonumuz, ta\u015f\u0131mac\u0131l\u0131k sekt\u00f6r\u00fcnde kalite, g\u00fcven ve m\u00fc\u015fteri memnuniyeti odakl\u0131 hizmet anlay\u0131\u015f\u0131yla T\u00fcrkiye\u2019nin en \u00e7ok tercih edilen evden eve nakliyat markalar\u0131ndan biri olmakt\u0131r.<br>Hedefimiz; teknolojiyi yak\u0131ndan takip eden, \u00e7evreye duyarl\u0131, yenilik\u00e7i ve s\u00fcrd\u00fcr\u00fclebilir \u00e7\u00f6z\u00fcmler sunan bir marka olarak sekt\u00f6rde fark yaratmak ve lider konumda yer almakt\u0131r.<\/p>\n\n\n\n<hr class=\"wp-block-separator has-alpha-channel-opacity\"\/>\n\n\n\n<h3 class=\"wp-block-heading\">\ud83e\udd1d <strong>Misyonumuz<\/strong><\/h3>\n\n\n\n<p>M\u00fc\u015fterilerimizin hayat\u0131ndaki en \u00f6nemli s\u00fcre\u00e7lerden biri olan ta\u015f\u0131nma s\u00fcrecini, g\u00fcvenli, h\u0131zl\u0131 ve stressiz bir deneyime d\u00f6n\u00fc\u015ft\u00fcrmek i\u00e7in buraday\u0131z.<br>Misyonumuz:<\/p>\n\n\n\n<ul class=\"wp-block-list\">\n<li>E\u015fyalar\u0131 kendi e\u015fyam\u0131z gibi sahiplenerek, en \u00fcst d\u00fczeyde koruma ve g\u00fcvenlik ile ta\u015f\u0131mak,<\/li>\n\n\n\n<li>S\u00fcrekli e\u011fitim alan profesyonel ekiplerle kaliteli hizmet sunmak,<\/li>\n\n\n\n<li>Modern ara\u00e7 filosu ve asans\u00f6rl\u00fc sistemlerle en yeni teknolojileri kullanmak,<\/li>\n\n\n\n<li>Her m\u00fc\u015fteriye \u00f6zel \u00e7\u00f6z\u00fcmler sunarak %100 memnuniyet sa\u011flamak.<\/li>\n<\/ul>\n\n\n\n<hr class=\"wp-block-separator has-alpha-channel-opacity\"\/>\n\n\n\n<h3 class=\"wp-block-heading\">\ud83d\udcc8 <strong>Gelecek Planlar\u0131m\u0131z<\/strong><\/h3>\n\n\n\n<p>Bulut Evden Eve Nakliyat olarak sekt\u00f6rdeki yerimizi her ge\u00e7en g\u00fcn daha da g\u00fc\u00e7lendirmek i\u00e7in stratejik hedefler belirledik. Gelece\u011fe dair planlar\u0131m\u0131z \u015funlard\u0131r:<\/p>\n\n\n\n<p>\u2705 <strong>Dijitalle\u015fme:<\/strong> Online rezervasyon, mobil uygulama ve yapay zek\u00e2 destekli planlama sistemleriyle m\u00fc\u015fterilerimize daha h\u0131zl\u0131 ve ak\u0131ll\u0131 hizmetler sunmay\u0131 hedefliyoruz.<\/p>\n\n\n\n<p>\u2705 <strong>Ara\u00e7 Filosunun Geni\u015fletilmesi:<\/strong> Farkl\u0131 ta\u015f\u0131ma ihtiya\u00e7lar\u0131na uygun ara\u00e7larla filomuzu b\u00fcy\u00fcterek hizmet kapasitemizi art\u0131raca\u011f\u0131z.<\/p>\n\n\n\n<p>\u2705 <strong>\u015eubele\u015fme:<\/strong> \u00d6n\u00fcm\u00fczdeki 5 y\u0131l i\u00e7inde Bal\u0131kesir ve \u00e7evre illerde yeni \u015fubeler a\u00e7arak daha fazla m\u00fc\u015fteriye ula\u015fmay\u0131 planl\u0131yoruz.<\/p>\n\n\n\n<p>\u2705 <strong>S\u00fcrd\u00fcr\u00fclebilirlik:<\/strong> Karbon ayak izimizi azaltmak ad\u0131na \u00e7evreci ta\u015f\u0131ma \u00e7\u00f6z\u00fcmleri ve enerji verimli ara\u00e7 yat\u0131r\u0131mlar\u0131 ger\u00e7ekle\u015ftirece\u011fiz.<\/p>\n\n\n\n<p>\u2705 <strong>Kurumsal Ta\u015f\u0131mac\u0131l\u0131k:<\/strong> Ev ta\u015f\u0131mac\u0131l\u0131\u011f\u0131 yan\u0131nda ofis, fabrika ve kurum ta\u015f\u0131mac\u0131l\u0131\u011f\u0131 alan\u0131nda da uzmanla\u015farak hizmet yelpazemizi geni\u015fletece\u011fiz.<\/p>\n\n\n\n<hr class=\"wp-block-separator has-alpha-channel-opacity\"\/>\n\n\n\n<p class=\"has-text-align-left\">Bulut Evden Eve Nakliyat olarak, yaln\u0131zca e\u015fyalar\u0131n\u0131z\u0131 de\u011fil, <strong>g\u00fcveninizi ve huzurunuzu da ta\u015f\u0131yoruz.<\/strong><br>Ta\u015f\u0131nmak art\u0131k sizin i\u00e7in bir y\u00fck de\u011fil, bizim i\u00e7in bir g\u00f6rev.<\/p>\n\n\n\n<div class=\"wp-block-buttons is-layout-flex wp-block-buttons-is-layout-flex\">\n<div class=\"wp-block-button is-style-primary\"><a class=\"wp-block-button__link wp-element-button\">EVDEN EVE NAKL\u0130YAT<\/a><\/div>\n<\/div>\n<\/div>\n\n\n\n<div id=\"wp-block-themeisle-blocks-advanced-column-49224624\" class=\"wp-block-themeisle-blocks-advanced-column\">\n<figure class=\"wp-block-image size-large\"><img loading=\"lazy\" decoding=\"async\" width=\"1024\" height=\"577\" src=\"https:\/\/bulutevdenevenakliyat.com.tr\/wp-content\/uploads\/2025\/07\/Blue-Modern-Moving-Service-Facebook-Cover-1024x577.webp\" alt=\"\" class=\"wp-image-147\" srcset=\"https:\/\/bulutevdenevenakliyat.com.tr\/wp-content\/uploads\/2025\/07\/Blue-Modern-Moving-Service-Facebook-Cover-1024x577.webp 1024w, https:\/\/bulutevdenevenakliyat.com.tr\/wp-content\/uploads\/2025\/07\/Blue-Modern-Moving-Service-Facebook-Cover-600x338.webp 600w, https:\/\/bulutevdenevenakliyat.com.tr\/wp-content\/uploads\/2025\/07\/Blue-Modern-Moving-Service-Facebook-Cover-300x169.webp 300w, https:\/\/bulutevdenevenakliyat.com.tr\/wp-content\/uploads\/2025\/07\/Blue-Modern-Moving-Service-Facebook-Cover-768x433.webp 768w, https:\/\/bulutevdenevenakliyat.com.tr\/wp-content\/uploads\/2025\/07\/Blue-Modern-Moving-Service-Facebook-Cover-1536x865.webp 1536w, https:\/\/bulutevdenevenakliyat.com.tr\/wp-content\/uploads\/2025\/07\/Blue-Modern-Moving-Service-Facebook-Cover.webp 1640w\" sizes=\"auto, (max-width: 1024px) 100vw, 1024px\" \/><\/figure>\n<\/div>\n<\/div><\/section>\n\n\n\n<section id=\"wp-block-themeisle-blocks-advanced-columns-94dec1f4\" class=\"wp-block-themeisle-blocks-advanced-columns alignfull has-1-columns has-desktop-equal-layout has-tablet-equal-layout has-mobile-equal-layout has-vertical-flex-start\"><div class=\"wp-block-themeisle-blocks-advanced-columns-overlay\"><\/div><div class=\"innerblocks-wrap\">\n<div id=\"wp-block-themeisle-blocks-advanced-column-7b0444df\" class=\"wp-block-themeisle-blocks-advanced-column has-light-bg\">\n<section id=\"wp-block-themeisle-blocks-advanced-columns-1727ab75\" class=\"wp-block-themeisle-blocks-advanced-columns has-2-columns has-desktop-equal-layout has-tablet-equal-layout has-mobile-collapsedRows-layout has-vertical-center has-reverse-columns-mobile has-light-bg\"><div class=\"wp-block-themeisle-blocks-advanced-columns-overlay\"><\/div><div class=\"innerblocks-wrap\">\n<div id=\"wp-block-themeisle-blocks-advanced-column-28d31c74\" class=\"wp-block-themeisle-blocks-advanced-column has-light-bg\">\n<div id=\"wp-block-themeisle-blocks-advanced-heading-ea62c2ae\" class=\"wp-block-themeisle-blocks-advanced-heading wp-block-themeisle-blocks-advanced-heading-ea62c2ae\"><strong>Personal<\/strong><\/div>\n\n\n\n<h2 class=\"wp-block-heading has-text-align-left\">EK\u0130P<\/h2>\n\n\n\n<p class=\"has-text-align-left\">PROFOSYONEL EK\u0130B\u0130M\u0130Z.<\/p>\n\n\n\n<div id=\"wp-block-themeisle-blocks-button-group-69bfbeea\" class=\"wp-block-themeisle-blocks-button-group wp-block-buttons align-left\">\n<div id=\"wp-block-themeisle-blocks-button-5c90304c\" class=\"wp-block-themeisle-blocks-button wp-block-button is-style-fill\"><a href=\"\" target=\"_self\" rel=\"noopener noreferrer\" class=\"wp-block-button__link\"><span>BA\u015eARILI EK\u0130P ARKADA\u015eLARIMIZ<\/span><\/a><\/div>\n<\/div>\n<\/div>\n\n\n\n<div id=\"wp-block-themeisle-blocks-advanced-column-f968dc4e\" class=\"wp-block-themeisle-blocks-advanced-column\">\n<figure class=\"wp-block-image size-large ticss-0c5bbe67\"><img loading=\"lazy\" decoding=\"async\" width=\"768\" height=\"1024\" src=\"https:\/\/bulutevdenevenakliyat.com.tr\/wp-content\/uploads\/2025\/07\/WhatsApp-Image-2025-07-23-at-15.11.07-1-768x1024.jpeg\" alt=\"\" class=\"wp-image-183\" srcset=\"https:\/\/bulutevdenevenakliyat.com.tr\/wp-content\/uploads\/2025\/07\/WhatsApp-Image-2025-07-23-at-15.11.07-1-768x1024.jpeg 768w, https:\/\/bulutevdenevenakliyat.com.tr\/wp-content\/uploads\/2025\/07\/WhatsApp-Image-2025-07-23-at-15.11.07-1-225x300.jpeg 225w, https:\/\/bulutevdenevenakliyat.com.tr\/wp-content\/uploads\/2025\/07\/WhatsApp-Image-2025-07-23-at-15.11.07-1-1152x1536.jpeg 1152w, https:\/\/bulutevdenevenakliyat.com.tr\/wp-content\/uploads\/2025\/07\/WhatsApp-Image-2025-07-23-at-15.11.07-1.jpeg 1200w\" sizes=\"auto, (max-width: 768px) 100vw, 768px\" \/><\/figure>\n<\/div>\n<\/div><\/section>\n\n\n\n<section id=\"wp-block-themeisle-blocks-advanced-columns-696626d6\" class=\"wp-block-themeisle-blocks-advanced-columns has-1-columns has-desktop-equal-layout has-tablet-equal-layout has-mobile-collapsedRows-layout has-vertical-center has-light-bg\"><div class=\"wp-block-themeisle-blocks-advanced-columns-overlay\"><\/div><div class=\"innerblocks-wrap\">\n<div id=\"wp-block-themeisle-blocks-advanced-column-ee624f6a\" class=\"wp-block-themeisle-blocks-advanced-column\"><\/div>\n<\/div><\/section>\n<\/div>\n<\/div><\/section>\n","protected":false},"excerpt":{"rendered":"","protected":false},"author":1,"featured_media":0,"parent":0,"menu_order":0,"comment_status":"closed","ping_status":"closed","template":"page-templates\/template-pagebuilder-full-width.php","meta":{"neve_meta_sidebar":"full-width","neve_meta_container":"","neve_meta_enable_content_width":"on","neve_meta_content_width":100,"neve_meta_title_alignment":"","neve_meta_author_avatar":"","neve_post_elements_order":"","neve_meta_disable_header":"","neve_meta_disable_footer":"","neve_meta_disable_title":"","_themeisle_gutenberg_block_has_review":false,"footnotes":""},"class_list":["post-80","page","type-page","status-publish","hentry"],"_links":{"self":[{"href":"https:\/\/bulutevdenevenakliyat.com.tr\/index.php?rest_route=\/wp\/v2\/pages\/80","targetHints":{"allow":["GET"]}}],"collection":[{"href":"https:\/\/bulutevdenevenakliyat.com.tr\/index.php?rest_route=\/wp\/v2\/pages"}],"about":[{"href":"https:\/\/bulutevdenevenakliyat.com.tr\/index.php?rest_route=\/wp\/v2\/types\/page"}],"author":[{"embeddable":true,"href":"https:\/\/bulutevdenevenakliyat.com.tr\/index.php?rest_route=\/wp\/v2\/users\/1"}],"replies":[{"embeddable":true,"href":"https:\/\/bulutevdenevenakliyat.com.tr\/index.php?rest_route=%2Fwp%2Fv2%2Fcomments&post=80"}],"version-history":[{"count":2,"href":"https:\/\/bulutevdenevenakliyat.com.tr\/index.php?rest_route=\/wp\/v2\/pages\/80\/revisions"}],"predecessor-version":[{"id":206,"href":"https:\/\/bulutevdenevenakliyat.com.tr\/index.php?rest_route=\/wp\/v2\/pages\/80\/revisions\/206"}],"wp:attachment":[{"href":"https:\/\/bulutevdenevenakliyat.com.tr\/index.php?rest_route=%2Fwp%2Fv2%2Fmedia&parent=80"}],"curies":[{"name":"wp","href":"https:\/\/api.w.org\/{rel}","templated":true}]}}